{"id":5,"date":"2017-05-10T17:10:05","date_gmt":"2017-05-10T17:10:05","guid":{"rendered":"https:\/\/daheim.bauerngasse.de\/?page_id=5"},"modified":"2017-05-10T17:10:05","modified_gmt":"2017-05-10T17:10:05","slug":"willkommen-daheim","status":"publish","type":"page","link":"https:\/\/briefwechsel.bauerngasse.de\/index.php\/willkommen-daheim\/","title":{"rendered":"Willkommen Daheim!"},"content":{"rendered":"<p>Damit ihr euch in Indonesien nicht so einsam f\u00fchlt, schenken wir euch diesen Blog!<\/p>\n<p>Diese Seite soll ein Ort werden, an dem wir uns austauschen k\u00f6nnen, unsere Erlebnisse in Form von Texteintr\u00e4gen, Videos und Fotos miteinander teilen k\u00f6nnen!<\/p>\n<p>&nbsp;<\/p>\n<p>Ihr dachtet ihr werdet uns los? Fehlanzeige!<\/p>\n","protected":false},"excerpt":{"rendered":"<p>Damit ihr euch in Indonesien nicht so einsam f\u00fchlt, schenken wir euch diesen Blog! Diese Seite soll ein Ort werden, an dem wir uns austauschen k\u00f6nnen, unsere Erlebnisse in Form von Texteintr\u00e4gen, Videos und Fotos miteinander teilen k\u00f6nnen! &nbsp; Ihr dachtet ihr werdet uns los? Fehlanzeige!<\/p>\n","protected":false},"author":2,"featured_media":0,"parent":0,"menu_order":0,"comment_status":"closed","ping_status":"closed","template":"","meta":{"footnotes":""},"class_list":["post-5","page","type-page","status-publish","hentry"],"_links":{"self":[{"href":"https:\/\/briefwechsel.bauerngasse.de\/index.php\/wp-json\/wp\/v2\/pages\/5","targetHints":{"allow":["GET"]}}],"collection":[{"href":"https:\/\/briefwechsel.bauerngasse.de\/index.php\/wp-json\/wp\/v2\/pages"}],"about":[{"href":"https:\/\/briefwechsel.bauerngasse.de\/index.php\/wp-json\/wp\/v2\/types\/page"}],"author":[{"embeddable":true,"href":"https:\/\/briefwechsel.bauerngasse.de\/index.php\/wp-json\/wp\/v2\/users\/2"}],"replies":[{"embeddable":true,"href":"https:\/\/briefwechsel.bauerngasse.de\/index.php\/wp-json\/wp\/v2\/comments?post=5"}],"version-history":[{"count":1,"href":"https:\/\/briefwechsel.bauerngasse.de\/index.php\/wp-json\/wp\/v2\/pages\/5\/revisions"}],"predecessor-version":[{"id":6,"href":"https:\/\/briefwechsel.bauerngasse.de\/index.php\/wp-json\/wp\/v2\/pages\/5\/revisions\/6"}],"wp:attachment":[{"href":"https:\/\/briefwechsel.bauerngasse.de\/index.php\/wp-json\/wp\/v2\/media?parent=5"}],"curies":[{"name":"wp","href":"https:\/\/api.w.org\/{rel}","templated":true}]}}